{"id":37,"date":"2024-01-30T16:56:25","date_gmt":"2024-01-30T16:56:25","guid":{"rendered":"https:\/\/www.24helfendehaende.at\/?page_id=37"},"modified":"2024-02-14T18:38:51","modified_gmt":"2024-02-14T18:38:51","slug":"leistungen","status":"publish","type":"page","link":"https:\/\/www.24helfendehaende.at\/en\/leistungen\/","title":{"rendered":"Services"},"content":{"rendered":"\t\t<div data-elementor-type=\"wp-page\" data-elementor-id=\"37\" class=\"elementor elementor-37\" data-elementor-post-type=\"page\">\n\t\t\t\t\t\t<section class=\"elementor-section elementor-top-section elementor-element elementor-element-d799663 elementor-section-boxed elementor-section-height-default elementor-section-height-default\" data-id=\"d799663\" data-element_type=\"section\" data-e-type=\"section\">\n\t\t\t\t\t\t<div class=\"elementor-container elementor-column-gap-default\">\n\t\t\t\t\t<div class=\"elementor-column elementor-col-100 elementor-top-column elementor-element elementor-element-88a2862\" data-id=\"88a2862\" data-element_type=\"column\" data-e-type=\"column\">\n\t\t\t<div class=\"elementor-widget-wrap elementor-element-populated\">\n\t\t\t\t\t\t<section data-pa-eq-height=\"{&quot;targetType&quot;:&quot;widget&quot;,&quot;target&quot;:[&quot;.elementor-widget-image-box .elementor-widget-container&quot;],&quot;trigger&quot;:&quot;load&quot;,&quot;enableOn&quot;:[&quot;desktop&quot;,&quot;tablet&quot;]}\" class=\"elementor-section elementor-inner-section elementor-element elementor-element-afdc097 premium-equal-height-yes elementor-section-boxed elementor-section-height-default elementor-section-height-default\" data-id=\"afdc097\" data-element_type=\"section\" data-e-type=\"section\" data-settings=\"{&quot;premium_eq_height_switcher&quot;:&quot;yes&quot;,&quot;premium_eq_height_target&quot;:[&quot;.elementor-widget-image-box .elementor-widget-container&quot;]}\">\n\t\t\t\t\t\t<div class=\"elementor-container elementor-column-gap-default\">\n\t\t\t\t\t<div class=\"elementor-column elementor-col-50 elementor-inner-column elementor-element elementor-element-4cd282e\" data-id=\"4cd282e\" data-element_type=\"column\" data-e-type=\"column\">\n\t\t\t<div class=\"elementor-widget-wrap elementor-element-populated\">\n\t\t\t\t\t\t<div class=\"elementor-element elementor-element-863a0e1 elementor-position-top elementor-invisible elementor-widget elementor-widget-image-box\" data-id=\"863a0e1\" data-element_type=\"widget\" data-e-type=\"widget\" data-settings=\"{&quot;_animation&quot;:&quot;fadeIn&quot;}\" data-widget_type=\"image-box.default\">\n\t\t\t\t<div class=\"elementor-widget-container\">\n\t\t\t\t\t<div class=\"elementor-image-box-wrapper\"><figure class=\"elementor-image-box-img\"><img fetchpriority=\"high\" decoding=\"async\" width=\"256\" height=\"256\" src=\"https:\/\/www.24helfendehaende.at\/wp-content\/uploads\/2024\/02\/job-seeker.png\" class=\"attachment-medium_large size-medium_large wp-image-311\" alt=\"\" srcset=\"https:\/\/www.24helfendehaende.at\/wp-content\/uploads\/2024\/02\/job-seeker.png 256w, https:\/\/www.24helfendehaende.at\/wp-content\/uploads\/2024\/02\/job-seeker-150x150.png 150w\" sizes=\"(max-width: 256px) 100vw, 256px\" \/><\/figure><div class=\"elementor-image-box-content\"><h3 class=\"elementor-image-box-title\">Gezielte Personalbeschaffung<\/h3><p class=\"elementor-image-box-description\">Unsere Dienstleistung gew\u00e4hrleistet eine l\u00fcckenlose \u00dcbereinstimmung zwischen den Anforderungen der Arbeitgeber und den Fertigkeiten der Stellensuchenden. Unser Ziel ist es, durch sorgf\u00e4ltige Selektion und Bewertung der Bewerber deren Kompetenzen passgenau auf die Bed\u00fcrfnisse und Erwartungen der Unternehmen abzustimmen. Wir verpflichten uns dazu, nur die pr\u00e4zisesten Matches zu etablieren, um beiden Parteien eine effektive und erfolgsorientierte Zusammenarbeit zu erm\u00f6glichen. Indem wir sicherstellen, dass alle Vorgaben erf\u00fcllt werden, schaffen wir eine solide Grundlage f\u00fcr eine zufriedenstellende und dauerhafte Arbeitsbeziehung.<\/p><\/div><\/div>\t\t\t\t<\/div>\n\t\t\t\t<\/div>\n\t\t\t\t\t<\/div>\n\t\t<\/div>\n\t\t\t\t<div class=\"elementor-column elementor-col-50 elementor-inner-column elementor-element elementor-element-965d384\" data-id=\"965d384\" data-element_type=\"column\" data-e-type=\"column\">\n\t\t\t<div class=\"elementor-widget-wrap elementor-element-populated\">\n\t\t\t\t\t\t<div class=\"elementor-element elementor-element-ee39a75 elementor-position-top elementor-invisible elementor-widget elementor-widget-image-box\" data-id=\"ee39a75\" data-element_type=\"widget\" data-e-type=\"widget\" data-settings=\"{&quot;_animation&quot;:&quot;fadeIn&quot;}\" data-widget_type=\"image-box.default\">\n\t\t\t\t<div class=\"elementor-widget-container\">\n\t\t\t\t\t<div class=\"elementor-image-box-wrapper\"><figure class=\"elementor-image-box-img\"><img decoding=\"async\" width=\"256\" height=\"256\" src=\"https:\/\/www.24helfendehaende.at\/wp-content\/uploads\/2024\/02\/analysis.png\" class=\"attachment-medium_large size-medium_large wp-image-315\" alt=\"\" srcset=\"https:\/\/www.24helfendehaende.at\/wp-content\/uploads\/2024\/02\/analysis.png 256w, https:\/\/www.24helfendehaende.at\/wp-content\/uploads\/2024\/02\/analysis-150x150.png 150w\" sizes=\"(max-width: 256px) 100vw, 256px\" \/><\/figure><div class=\"elementor-image-box-content\"><h3 class=\"elementor-image-box-title\">Qualifikationsanalyse und Beratung<\/h3><p class=\"elementor-image-box-description\">Unser Service umfasst die sorgf\u00e4ltige Abstimmung der Qualifikationen und Zusatzqualifikationen unserer Kandidaten mit den Anforderungsprofilen, die von unseren Kunden gew\u00fcnscht werden. Mit einer tiefgreifenden Analyse und einem auf Pr\u00e4zision ausgerichteten Matching-Verfahren stellen wir sicher, dass die F\u00e4higkeiten und das Know-how der Bewerber optimal zu den spezifischen Bed\u00fcrfnissen und Erwartungen der jeweiligen Position passen. Dadurch maximieren wir die Chance auf eine erfolgreiche und langfristige Einbindung des Kandidaten in das Kundenunternehmen. Unsere Dienstleistung garantiert eine hohe Passgenauigkeit und f\u00f6rdert eine synergietr\u00e4chtige Zusammenarbeit.<\/p><\/div><\/div>\t\t\t\t<\/div>\n\t\t\t\t<\/div>\n\t\t\t\t\t<\/div>\n\t\t<\/div>\n\t\t\t\t\t<\/div>\n\t\t<\/section>\n\t\t\t\t<section data-pa-eq-height=\"{&quot;targetType&quot;:&quot;widget&quot;,&quot;target&quot;:[&quot;.elementor-widget-image-box .elementor-widget-container&quot;],&quot;trigger&quot;:&quot;load&quot;,&quot;enableOn&quot;:[&quot;desktop&quot;,&quot;tablet&quot;]}\" class=\"elementor-section elementor-inner-section elementor-element elementor-element-f9dee6d premium-equal-height-yes elementor-section-boxed elementor-section-height-default elementor-section-height-default\" data-id=\"f9dee6d\" data-element_type=\"section\" data-e-type=\"section\" data-settings=\"{&quot;premium_eq_height_switcher&quot;:&quot;yes&quot;,&quot;premium_eq_height_target&quot;:[&quot;.elementor-widget-image-box .elementor-widget-container&quot;]}\">\n\t\t\t\t\t\t<div class=\"elementor-container elementor-column-gap-default\">\n\t\t\t\t\t<div class=\"elementor-column elementor-col-50 elementor-inner-column elementor-element elementor-element-e3ea572\" data-id=\"e3ea572\" data-element_type=\"column\" data-e-type=\"column\">\n\t\t\t<div class=\"elementor-widget-wrap elementor-element-populated\">\n\t\t\t\t\t\t<div class=\"elementor-element elementor-element-981bad0 elementor-position-top elementor-invisible elementor-widget elementor-widget-image-box\" data-id=\"981bad0\" data-element_type=\"widget\" data-e-type=\"widget\" data-settings=\"{&quot;_animation&quot;:&quot;fadeIn&quot;}\" data-widget_type=\"image-box.default\">\n\t\t\t\t<div class=\"elementor-widget-container\">\n\t\t\t\t\t<div class=\"elementor-image-box-wrapper\"><figure class=\"elementor-image-box-img\"><img decoding=\"async\" width=\"256\" height=\"256\" src=\"https:\/\/www.24helfendehaende.at\/wp-content\/uploads\/2024\/02\/cloud-service.png\" class=\"attachment-medium_large size-medium_large wp-image-316\" alt=\"\" srcset=\"https:\/\/www.24helfendehaende.at\/wp-content\/uploads\/2024\/02\/cloud-service.png 256w, https:\/\/www.24helfendehaende.at\/wp-content\/uploads\/2024\/02\/cloud-service-150x150.png 150w\" sizes=\"(max-width: 256px) 100vw, 256px\" \/><\/figure><div class=\"elementor-image-box-content\"><h3 class=\"elementor-image-box-title\">Integrationsservices<\/h3><p class=\"elementor-image-box-description\">Unsere Dienstleistung bietet umfassende Unterst\u00fctzung bei der Integration von ausl\u00e4ndischen Fachkr\u00e4ften in den lokalen Arbeitsmarkt. Wir f\u00f6rdern die Eingliederung durch ma\u00dfgeschneiderte Ma\u00dfnahmen, die sowohl kulturelle als auch berufliche Aspekte ber\u00fccksichtigen, und stellen sicher, dass internationale Talente nahtlos in ihre neuen Arbeitsumfelder eingef\u00fchrt werden. Von der Anpassung an lokale Arbeitsstandards bis hin zur sprachlichen Weiterbildung und interkulturellen Schulungen \u2013 wir k\u00fcmmern uns um alle notwendigen Schritte, um einen reibungslosen \u00dcbergang und eine produktive Mitarbeit im Unternehmen zu erm\u00f6glichen. Indem wir Br\u00fccken bauen zwischen qualifizierten Zuwanderern und ans\u00e4ssigen Unternehmen, tragen wir zur Vielfalt und St\u00e4rkung der lokalen Wirtschaft bei.<\/p><\/div><\/div>\t\t\t\t<\/div>\n\t\t\t\t<\/div>\n\t\t\t\t\t<\/div>\n\t\t<\/div>\n\t\t\t\t<div class=\"elementor-column elementor-col-50 elementor-inner-column elementor-element elementor-element-8df009e\" data-id=\"8df009e\" data-element_type=\"column\" data-e-type=\"column\">\n\t\t\t<div class=\"elementor-widget-wrap elementor-element-populated\">\n\t\t\t\t\t\t<div class=\"elementor-element elementor-element-adfa3f7 elementor-position-top elementor-invisible elementor-widget elementor-widget-image-box\" data-id=\"adfa3f7\" data-element_type=\"widget\" data-e-type=\"widget\" data-settings=\"{&quot;_animation&quot;:&quot;fadeIn&quot;}\" data-widget_type=\"image-box.default\">\n\t\t\t\t<div class=\"elementor-widget-container\">\n\t\t\t\t\t<div class=\"elementor-image-box-wrapper\"><figure class=\"elementor-image-box-img\"><img loading=\"lazy\" decoding=\"async\" width=\"256\" height=\"256\" src=\"https:\/\/www.24helfendehaende.at\/wp-content\/uploads\/2024\/02\/new-product.png\" class=\"attachment-medium_large size-medium_large wp-image-317\" alt=\"\" srcset=\"https:\/\/www.24helfendehaende.at\/wp-content\/uploads\/2024\/02\/new-product.png 256w, https:\/\/www.24helfendehaende.at\/wp-content\/uploads\/2024\/02\/new-product-150x150.png 150w\" sizes=\"(max-width: 256px) 100vw, 256px\" \/><\/figure><div class=\"elementor-image-box-content\"><h3 class=\"elementor-image-box-title\">Weiterbildung und Soft Skills<\/h3><p class=\"elementor-image-box-description\">Unsere Dienstleistung zielt darauf ab, die sozialen Kompetenzen, Deutschkenntnisse sowie alle weiteren erforderlichen Qualifikationen von Mitarbeitern zu verbessern, um die Zusammenarbeit innerhalb von Unternehmen zu optimieren. Wir bieten ma\u00dfgeschneiderte Trainings- und Weiterbildungsprogramme an, die darauf ausgerichtet sind, die kommunikativen F\u00e4higkeiten zu st\u00e4rken, Sprachbarrieren abzubauen und fachliche Kompetenzen auszubauen. Durch individuelle F\u00f6rderung und professionelle Schulungen unterst\u00fctzen wir die pers\u00f6nliche und berufliche Entwicklung der Besch\u00e4ftigten und tragen somit zu einer harmonischeren und produktiveren Arbeitsumgebung bei. Unsere Angebote sind darauf ausgerichtet, die Teamdynamik zu verbessern und effektive, zufriedenstellende Arbeitsbeziehungen im Unternehmen zu etablieren.<\/p><\/div><\/div>\t\t\t\t<\/div>\n\t\t\t\t<\/div>\n\t\t\t\t\t<\/div>\n\t\t<\/div>\n\t\t\t\t\t<\/div>\n\t\t<\/section>\n\t\t\t\t<section class=\"elementor-section elementor-inner-section elementor-element elementor-element-5bdba29 elementor-section-boxed elementor-section-height-default elementor-section-height-default\" data-id=\"5bdba29\" data-element_type=\"section\" data-e-type=\"section\">\n\t\t\t\t\t\t<div class=\"elementor-container elementor-column-gap-default\">\n\t\t\t\t\t<div class=\"elementor-column elementor-col-100 elementor-inner-column elementor-element elementor-element-e4ffccc elementor-invisible\" data-id=\"e4ffccc\" data-element_type=\"column\" data-e-type=\"column\" data-settings=\"{&quot;background_background&quot;:&quot;classic&quot;,&quot;animation&quot;:&quot;fadeIn&quot;}\">\n\t\t\t<div class=\"elementor-widget-wrap elementor-element-populated\">\n\t\t\t\t\t\t<div class=\"elementor-element elementor-element-09a796f elementor-widget elementor-widget-heading\" data-id=\"09a796f\" data-element_type=\"widget\" data-e-type=\"widget\" data-widget_type=\"heading.default\">\n\t\t\t\t<div class=\"elementor-widget-container\">\n\t\t\t\t\t<h2 class=\"elementor-heading-title elementor-size-default\">Provisionvereinbarung<\/h2>\t\t\t\t<\/div>\n\t\t\t\t<\/div>\n\t\t\t\t<div class=\"elementor-element elementor-element-402bff0 elementor-align-center elementor-mobile-align-start elementor-icon-list--layout-traditional elementor-list-item-link-full_width elementor-widget elementor-widget-icon-list\" data-id=\"402bff0\" data-element_type=\"widget\" data-e-type=\"widget\" data-widget_type=\"icon-list.default\">\n\t\t\t\t<div class=\"elementor-widget-container\">\n\t\t\t\t\t\t\t<ul class=\"elementor-icon-list-items\">\n\t\t\t\t\t\t\t<li class=\"elementor-icon-list-item\">\n\t\t\t\t\t\t\t\t\t\t\t<span class=\"elementor-icon-list-icon\">\n\t\t\t\t\t\t\t<svg aria-hidden=\"true\" class=\"e-font-icon-svg e-fas-check\" viewBox=\"0 0 512 512\" xmlns=\"http:\/\/www.w3.org\/2000\/svg\"><path d=\"M173.898 439.404l-166.4-166.4c-9.997-9.997-9.997-26.206 0-36.204l36.203-36.204c9.997-9.998 26.207-9.998 36.204 0L192 312.69 432.095 72.596c9.997-9.997 26.207-9.997 36.204 0l36.203 36.204c9.997 9.997 9.997 26.206 0 36.204l-294.4 294.401c-9.998 9.997-26.207 9.997-36.204-.001z\"><\/path><\/svg>\t\t\t\t\t\t<\/span>\n\t\t\t\t\t\t\t\t\t\t<span class=\"elementor-icon-list-text\">Arbeiter &amp; Angestellte   20% vom Bruttojahresgehalt<\/span>\n\t\t\t\t\t\t\t\t\t<\/li>\n\t\t\t\t\t\t\t\t<li class=\"elementor-icon-list-item\">\n\t\t\t\t\t\t\t\t\t\t\t<span class=\"elementor-icon-list-icon\">\n\t\t\t\t\t\t\t<svg aria-hidden=\"true\" class=\"e-font-icon-svg e-fas-check\" viewBox=\"0 0 512 512\" xmlns=\"http:\/\/www.w3.org\/2000\/svg\"><path d=\"M173.898 439.404l-166.4-166.4c-9.997-9.997-9.997-26.206 0-36.204l36.203-36.204c9.997-9.998 26.207-9.998 36.204 0L192 312.69 432.095 72.596c9.997-9.997 26.207-9.997 36.204 0l36.203 36.204c9.997 9.997 9.997 26.206 0 36.204l-294.4 294.401c-9.998 9.997-26.207 9.997-36.204-.001z\"><\/path><\/svg>\t\t\t\t\t\t<\/span>\n\t\t\t\t\t\t\t\t\t\t<span class=\"elementor-icon-list-text\">Fachkr\u00e4fte   25% vom Bruttojahresgehalt<\/span>\n\t\t\t\t\t\t\t\t\t<\/li>\n\t\t\t\t\t\t\t\t<li class=\"elementor-icon-list-item\">\n\t\t\t\t\t\t\t\t\t\t\t<span class=\"elementor-icon-list-icon\">\n\t\t\t\t\t\t\t<svg aria-hidden=\"true\" class=\"e-font-icon-svg e-fas-check\" viewBox=\"0 0 512 512\" xmlns=\"http:\/\/www.w3.org\/2000\/svg\"><path d=\"M173.898 439.404l-166.4-166.4c-9.997-9.997-9.997-26.206 0-36.204l36.203-36.204c9.997-9.998 26.207-9.998 36.204 0L192 312.69 432.095 72.596c9.997-9.997 26.207-9.997 36.204 0l36.203 36.204c9.997 9.997 9.997 26.206 0 36.204l-294.4 294.401c-9.998 9.997-26.207 9.997-36.204-.001z\"><\/path><\/svg>\t\t\t\t\t\t<\/span>\n\t\t\t\t\t\t\t\t\t\t<span class=\"elementor-icon-list-text\">Zertifizierte Fachkr\u00e4fte   30% vom Bruttojahresgehalt<\/span>\n\t\t\t\t\t\t\t\t\t<\/li>\n\t\t\t\t\t\t<\/ul>\n\t\t\t\t\t\t<\/div>\n\t\t\t\t<\/div>\n\t\t\t\t\t<\/div>\n\t\t<\/div>\n\t\t\t\t\t<\/div>\n\t\t<\/section>\n\t\t\t\t\t<\/div>\n\t\t<\/div>\n\t\t\t\t\t<\/div>\n\t\t<\/section>\n\t\t\t\t<section class=\"elementor-section elementor-top-section elementor-element elementor-element-d56e1fe elementor-section-boxed elementor-section-height-default elementor-section-height-default\" data-id=\"d56e1fe\" data-element_type=\"section\" data-e-type=\"section\">\n\t\t\t\t\t\t<div class=\"elementor-container elementor-column-gap-default\">\n\t\t\t\t\t<div class=\"elementor-column elementor-col-100 elementor-top-column elementor-element elementor-element-0c6ab5f\" data-id=\"0c6ab5f\" data-element_type=\"column\" data-e-type=\"column\">\n\t\t\t<div class=\"elementor-widget-wrap elementor-element-populated\">\n\t\t\t\t\t\t<div class=\"elementor-element elementor-element-a2b88c4 elementor-invisible elementor-widget elementor-widget-heading\" data-id=\"a2b88c4\" data-element_type=\"widget\" data-e-type=\"widget\" data-settings=\"{&quot;_animation&quot;:&quot;fadeIn&quot;}\" data-widget_type=\"heading.default\">\n\t\t\t\t<div class=\"elementor-widget-container\">\n\t\t\t\t\t<h2 class=\"elementor-heading-title elementor-size-default\">Mehrere Arbeitskr\u00e4fte (Ab 3 Personen)\t\tProvision nach Vereinbarung<\/h2>\t\t\t\t<\/div>\n\t\t\t\t<\/div>\n\t\t\t\t\t<\/div>\n\t\t<\/div>\n\t\t\t\t\t<\/div>\n\t\t<\/section>\n\t\t\t\t<\/div>\n\t\t","protected":false},"excerpt":{"rendered":"<p>Gezielte Personalbeschaffung Unsere Dienstleistung gew\u00e4hrleistet eine l\u00fcckenlose \u00dcbereinstimmung zwischen den Anforderungen der Arbeitgeber und den Fertigkeiten der Stellensuchenden. Unser Ziel [&hellip;]<\/p>\n","protected":false},"author":1,"featured_media":538,"parent":0,"menu_order":0,"comment_status":"closed","ping_status":"closed","template":"elementor_header_footer","meta":{"_acf_changed":false,"content-type":"","site-sidebar-layout":"no-sidebar","site-content-layout":"","ast-site-content-layout":"full-width-container","site-content-style":"default","site-sidebar-style":"default","ast-global-header-display":"","ast-banner-title-visibility":"","ast-main-header-display":"","ast-hfb-above-header-display":"","ast-hfb-below-header-display":"","ast-hfb-mobile-header-display":"","site-post-title":"disabled","ast-breadcrumbs-content":"","ast-featured-img":"disabled","footer-sml-layout":"","ast-disable-related-posts":"","theme-transparent-header-meta":"default","adv-header-id-meta":"","stick-header-meta":"","header-above-stick-meta":"","header-main-stick-meta":"","header-below-stick-meta":"","astra-migrate-meta-layouts":"set","ast-page-background-enabled":"default","ast-page-background-meta":{"desktop":{"background-color":"var(--ast-global-color-4)","background-image":"","background-repeat":"repeat","background-position":"center center","background-size":"auto","background-attachment":"scroll","background-type":"","background-media":"","overlay-type":"","overlay-color":"","overlay-opacity":"","overlay-gradient":""},"tablet":{"background-color":"","background-image":"","background-repeat":"repeat","background-position":"center center","background-size":"auto","background-attachment":"scroll","background-type":"","background-media":"","overlay-type":"","overlay-color":"","overlay-opacity":"","overlay-gradient":""},"mobile":{"background-color":"","background-image":"","background-repeat":"repeat","background-position":"center center","background-size":"auto","background-attachment":"scroll","background-type":"","background-media":"","overlay-type":"","overlay-color":"","overlay-opacity":"","overlay-gradient":""}},"ast-content-background-meta":{"desktop":{"background-color":"var(--ast-global-color-5)","background-image":"","background-repeat":"repeat","background-position":"center center","background-size":"auto","background-attachment":"scroll","background-type":"","background-media":"","overlay-type":"","overlay-color":"","overlay-opacity":"","overlay-gradient":""},"tablet":{"background-color":"var(--ast-global-color-5)","background-image":"","background-repeat":"repeat","background-position":"center center","background-size":"auto","background-attachment":"scroll","background-type":"","background-media":"","overlay-type":"","overlay-color":"","overlay-opacity":"","overlay-gradient":""},"mobile":{"background-color":"var(--ast-global-color-5)","background-image":"","background-repeat":"repeat","background-position":"center center","background-size":"auto","background-attachment":"scroll","background-type":"","background-media":"","overlay-type":"","overlay-color":"","overlay-opacity":"","overlay-gradient":""}},"footnotes":""},"class_list":["post-37","page","type-page","status-publish","has-post-thumbnail","hentry"],"acf":[],"_links":{"self":[{"href":"https:\/\/www.24helfendehaende.at\/en\/wp-json\/wp\/v2\/pages\/37","targetHints":{"allow":["GET"]}}],"collection":[{"href":"https:\/\/www.24helfendehaende.at\/en\/wp-json\/wp\/v2\/pages"}],"about":[{"href":"https:\/\/www.24helfendehaende.at\/en\/wp-json\/wp\/v2\/types\/page"}],"author":[{"embeddable":true,"href":"https:\/\/www.24helfendehaende.at\/en\/wp-json\/wp\/v2\/users\/1"}],"replies":[{"embeddable":true,"href":"https:\/\/www.24helfendehaende.at\/en\/wp-json\/wp\/v2\/comments?post=37"}],"version-history":[{"count":39,"href":"https:\/\/www.24helfendehaende.at\/en\/wp-json\/wp\/v2\/pages\/37\/revisions"}],"predecessor-version":[{"id":539,"href":"https:\/\/www.24helfendehaende.at\/en\/wp-json\/wp\/v2\/pages\/37\/revisions\/539"}],"wp:featuredmedia":[{"embeddable":true,"href":"https:\/\/www.24helfendehaende.at\/en\/wp-json\/wp\/v2\/media\/538"}],"wp:attachment":[{"href":"https:\/\/www.24helfendehaende.at\/en\/wp-json\/wp\/v2\/media?parent=37"}],"curies":[{"name":"wp","href":"https:\/\/api.w.org\/{rel}","templated":true}]}}