{"id":35,"date":"2024-01-30T16:56:15","date_gmt":"2024-01-30T16:56:15","guid":{"rendered":"https:\/\/www.24helfendehaende.at\/?page_id=35"},"modified":"2024-02-14T18:40:01","modified_gmt":"2024-02-14T18:40:01","slug":"uber-uns-vision","status":"publish","type":"page","link":"https:\/\/www.24helfendehaende.at\/en\/uber-uns-vision\/","title":{"rendered":"About Us &amp; Vision"},"content":{"rendered":"\t\t<div data-elementor-type=\"wp-page\" data-elementor-id=\"35\" class=\"elementor elementor-35\" data-elementor-post-type=\"page\">\n\t\t\t\t\t\t<section class=\"elementor-section elementor-top-section elementor-element elementor-element-545d31c elementor-section-boxed elementor-section-height-default elementor-section-height-default\" data-id=\"545d31c\" data-element_type=\"section\" data-e-type=\"section\">\n\t\t\t\t\t\t<div class=\"elementor-container elementor-column-gap-default\">\n\t\t\t\t\t<div class=\"elementor-column elementor-col-100 elementor-top-column elementor-element elementor-element-af270e0\" data-id=\"af270e0\" data-element_type=\"column\" data-e-type=\"column\">\n\t\t\t<div class=\"elementor-widget-wrap elementor-element-populated\">\n\t\t\t\t\t\t<div class=\"elementor-element elementor-element-ab429db elementor-widget elementor-widget-heading\" data-id=\"ab429db\" data-element_type=\"widget\" data-e-type=\"widget\" data-widget_type=\"heading.default\">\n\t\t\t\t<div class=\"elementor-widget-container\">\n\t\t\t\t\t<h2 class=\"elementor-heading-title elementor-size-default\">\u00dcber Uns<\/h2>\t\t\t\t<\/div>\n\t\t\t\t<\/div>\n\t\t\t\t<div class=\"elementor-element elementor-element-a135337 elementor-widget-divider--view-line elementor-widget elementor-widget-divider\" data-id=\"a135337\" data-element_type=\"widget\" data-e-type=\"widget\" data-widget_type=\"divider.default\">\n\t\t\t\t<div class=\"elementor-widget-container\">\n\t\t\t\t\t\t\t<div class=\"elementor-divider\">\n\t\t\t<span class=\"elementor-divider-separator\">\n\t\t\t\t\t\t<\/span>\n\t\t<\/div>\n\t\t\t\t\t\t<\/div>\n\t\t\t\t<\/div>\n\t\t\t\t<section data-pa-eq-height=\"{&quot;targetType&quot;:&quot;widget&quot;,&quot;target&quot;:[&quot;.elementor-widget-heading .elementor-widget-container&quot;],&quot;trigger&quot;:&quot;load&quot;,&quot;enableOn&quot;:[&quot;desktop&quot;,&quot;tablet&quot;]}\" class=\"elementor-section elementor-inner-section elementor-element elementor-element-e11dbc9 premium-equal-height-yes elementor-section-boxed elementor-section-height-default elementor-section-height-default\" data-id=\"e11dbc9\" data-element_type=\"section\" data-e-type=\"section\" data-settings=\"{&quot;premium_eq_height_switcher&quot;:&quot;yes&quot;,&quot;premium_eq_height_target&quot;:[&quot;.elementor-widget-heading .elementor-widget-container&quot;]}\">\n\t\t\t\t\t\t<div class=\"elementor-container elementor-column-gap-default\">\n\t\t\t\t\t<div class=\"elementor-column elementor-col-50 elementor-inner-column elementor-element elementor-element-cb6a99e\" data-id=\"cb6a99e\" data-element_type=\"column\" data-e-type=\"column\">\n\t\t\t<div class=\"elementor-widget-wrap elementor-element-populated\">\n\t\t\t\t\t\t<div class=\"elementor-element elementor-element-a9c8608 elementor-widget elementor-widget-heading\" data-id=\"a9c8608\" data-element_type=\"widget\" data-e-type=\"widget\" data-widget_type=\"heading.default\">\n\t\t\t\t<div class=\"elementor-widget-container\">\n\t\t\t\t\t<p class=\"elementor-heading-title elementor-size-default\">Meine Mutter war in den 1970er Jahren eine der ersten philippinischen Krankenschwestern, die nach \u00d6sterreich kam. Sie erz\u00e4hlt mir noch heute begeistert von diesem aufregenden und spannenden Schritt. Allerdings gab es auch zahlreiche Hindernisse, B\u00fcrokratie und Missverst\u00e4ndnisse zu \u00fcberwinden. Es kommt mir jetzt wie ein D\u00e9j\u00e0-vu vor, denn wieder einmal wird um Unterst\u00fctzung aus den Philippinen gebeten, um dem Fachkr\u00e4ftemangel im Gesundheitsbereich entgegenzuwirken \u2013 genau wie damals schon. Aufgrund einiger famili\u00e4rer Schicksalsschl\u00e4ge wurden wir auch privat mit einem Mangel an Pflegepersonal konfrontiert. Als im Oktober 2023 das Memorandum of Understanding zwischen den Philippinnen und \u00d6sterreich zur Anwerbung qualifizierter Fachkr\u00e4fte unterzeichnet wurde, empfand ich Stolz. Durch meine langj\u00e4hrige Berufserfahrung bestens mit der \u00f6sterreichischen Wirtschaft vertraut. Gemeinsam mit meiner Familie sowie starken Partnern haben wir daher die Agentur \"24HelfendeH\u00e4nde\" gegr\u00fcndet.<br>Wir verstehen, dass die Suche nach geeigneten Fachkr\u00e4ften eine Herausforderung darstellen kann. Deshalb stehen wir Ihnen zur Seite, um Ihren Bedarf an Fachkr\u00e4ften schnell, effektiv und problemlos zu decken.<\/p>\t\t\t\t<\/div>\n\t\t\t\t<\/div>\n\t\t\t\t\t<\/div>\n\t\t<\/div>\n\t\t\t\t<div class=\"elementor-column elementor-col-50 elementor-inner-column elementor-element elementor-element-7ad4e74\" data-id=\"7ad4e74\" data-element_type=\"column\" data-e-type=\"column\">\n\t\t\t<div class=\"elementor-widget-wrap elementor-element-populated\">\n\t\t\t\t\t\t<div class=\"elementor-element elementor-element-b8ae740 elementor-widget elementor-widget-heading\" data-id=\"b8ae740\" data-element_type=\"widget\" data-e-type=\"widget\" data-widget_type=\"heading.default\">\n\t\t\t\t<div class=\"elementor-widget-container\">\n\t\t\t\t\t<p class=\"elementor-heading-title elementor-size-default\">Unsere Mitarbeiter verf\u00fcgen \u00fcber das notwendige Know-how und die Erfahrung, um Ihnen dabei zu helfen.\nUnsere Dienstleistungen sind auf Ihre individuellen Anforderungen zugeschnitten. Wir bieten eine breite Palette von Personalvermittlungsdiensten an, einschlie\u00dflich Vermittlung von Vollzeit-, Teilzeit- oder Saisonarbeitern. Wir arbeiten eng mit unseren Kunden zusammen, um sicherzustellen, dass wir ihre Bed\u00fcrfnisse verstehen und ihnen die bestm\u00f6gliche L\u00f6sung bieten k\u00f6nnen.\nBei 24 Helfende H\u00e4nde steht Kundenzufriedenheit an erster Stelle. Wir setzen alles daran, sicherzustellen, dass unsere Kunden mit unserem Service zufrieden sind und dass wir ihren Erwartungen entsprechen. Wenn Sie auf der Suche nach qualifizierten Fachkr\u00e4ften sind, die ihnen dabei helfen k\u00f6nnen, ihre Ziele zu erreichen, dann sind wir der richtige Partner f\u00fcr Sie.\nKontaktieren Sie uns noch heute und lassen Sie uns gemeinsam eine L\u00f6sung finden, die Ihren Anforderungen entspricht. Wir freuen uns darauf, von Ihnen zu h\u00f6ren<\/p>\t\t\t\t<\/div>\n\t\t\t\t<\/div>\n\t\t\t\t\t<\/div>\n\t\t<\/div>\n\t\t\t\t\t<\/div>\n\t\t<\/section>\n\t\t\t\t<div class=\"elementor-element elementor-element-5077132 elementor-align-justify elementor-widget elementor-widget-button\" data-id=\"5077132\" data-element_type=\"widget\" data-e-type=\"widget\" data-widget_type=\"button.default\">\n\t\t\t\t<div class=\"elementor-widget-container\">\n\t\t\t\t\t\t\t\t\t<div class=\"elementor-button-wrapper\">\n\t\t\t\t\t<a class=\"elementor-button elementor-button-link elementor-size-sm\" href=\"https:\/\/www.24helfendehaende.at\/branchen\/\">\n\t\t\t\t\t\t<span class=\"elementor-button-content-wrapper\">\n\t\t\t\t\t\t\t\t\t<span class=\"elementor-button-text\">Finden Sie Ihre Fachkraft<\/span>\n\t\t\t\t\t<\/span>\n\t\t\t\t\t<\/a>\n\t\t\t\t<\/div>\n\t\t\t\t\t\t\t\t<\/div>\n\t\t\t\t<\/div>\n\t\t\t\t\t<\/div>\n\t\t<\/div>\n\t\t\t\t\t<\/div>\n\t\t<\/section>\n\t\t\t\t<section class=\"elementor-section elementor-top-section elementor-element elementor-element-a26ee67 elementor-section-boxed elementor-section-height-default elementor-section-height-default\" data-id=\"a26ee67\" data-element_type=\"section\" data-e-type=\"section\">\n\t\t\t\t\t\t<div class=\"elementor-container elementor-column-gap-default\">\n\t\t\t\t\t<div class=\"elementor-column elementor-col-100 elementor-top-column elementor-element elementor-element-7937c72\" data-id=\"7937c72\" data-element_type=\"column\" data-e-type=\"column\" data-settings=\"{&quot;background_background&quot;:&quot;classic&quot;}\">\n\t\t\t<div class=\"elementor-widget-wrap elementor-element-populated\">\n\t\t\t\t\t\t<section class=\"elementor-section elementor-inner-section elementor-element elementor-element-a2c8e18 elementor-section-content-middle elementor-section-boxed elementor-section-height-default elementor-section-height-default\" data-id=\"a2c8e18\" data-element_type=\"section\" data-e-type=\"section\">\n\t\t\t\t\t\t<div class=\"elementor-container elementor-column-gap-default\">\n\t\t\t\t\t<div class=\"elementor-column elementor-col-50 elementor-inner-column elementor-element elementor-element-4a4c547\" data-id=\"4a4c547\" data-element_type=\"column\" data-e-type=\"column\">\n\t\t\t<div class=\"elementor-widget-wrap elementor-element-populated\">\n\t\t\t\t\t\t<div class=\"elementor-element elementor-element-945eb2d elementor-widget elementor-widget-image\" data-id=\"945eb2d\" data-element_type=\"widget\" data-e-type=\"widget\" data-widget_type=\"image.default\">\n\t\t\t\t<div class=\"elementor-widget-container\">\n\t\t\t\t\t\t\t\t\t\t\t\t\t\t\t<img fetchpriority=\"high\" decoding=\"async\" width=\"768\" height=\"1152\" src=\"https:\/\/www.24helfendehaende.at\/wp-content\/uploads\/2024\/02\/2-2735-768x1152.jpg\" class=\"attachment-medium_large size-medium_large wp-image-276\" alt=\"\" srcset=\"https:\/\/www.24helfendehaende.at\/wp-content\/uploads\/2024\/02\/2-2735-768x1152.jpg 768w, https:\/\/www.24helfendehaende.at\/wp-content\/uploads\/2024\/02\/2-2735-200x300.jpg 200w, https:\/\/www.24helfendehaende.at\/wp-content\/uploads\/2024\/02\/2-2735-683x1024.jpg 683w, https:\/\/www.24helfendehaende.at\/wp-content\/uploads\/2024\/02\/2-2735-1024x1536.jpg 1024w, https:\/\/www.24helfendehaende.at\/wp-content\/uploads\/2024\/02\/2-2735-1366x2048.jpg 1366w, https:\/\/www.24helfendehaende.at\/wp-content\/uploads\/2024\/02\/2-2735-scaled.jpg 1707w\" sizes=\"(max-width: 768px) 100vw, 768px\" \/>\t\t\t\t\t\t\t\t\t\t\t\t\t\t\t<\/div>\n\t\t\t\t<\/div>\n\t\t\t\t\t<\/div>\n\t\t<\/div>\n\t\t\t\t<div class=\"elementor-column elementor-col-50 elementor-inner-column elementor-element elementor-element-6401d43\" data-id=\"6401d43\" data-element_type=\"column\" data-e-type=\"column\">\n\t\t\t<div class=\"elementor-widget-wrap elementor-element-populated\">\n\t\t\t\t\t\t<div class=\"elementor-element elementor-element-1199d22 elementor-widget elementor-widget-heading\" data-id=\"1199d22\" data-element_type=\"widget\" data-e-type=\"widget\" data-widget_type=\"heading.default\">\n\t\t\t\t<div class=\"elementor-widget-container\">\n\t\t\t\t\t<h2 class=\"elementor-heading-title elementor-size-default\">Biography<\/h2>\t\t\t\t<\/div>\n\t\t\t\t<\/div>\n\t\t\t\t<div class=\"elementor-element elementor-element-952c0a8 elementor-widget elementor-widget-heading\" data-id=\"952c0a8\" data-element_type=\"widget\" data-e-type=\"widget\" data-widget_type=\"heading.default\">\n\t\t\t\t<div class=\"elementor-widget-container\">\n\t\t\t\t\t<p class=\"elementor-heading-title elementor-size-default\">Seit mehr als zwei Jahrzehnten bin ich in unterschiedlichen Wirtschaftsbranchen t\u00e4tig und vertraut mit den Anforderungen des Gesundheitswesens, der Landwirtschaft, Industrie sowie Hotellerie. MeinTeam und ich arbeiten \u00e4u\u00dferst effizient und fokussiert daran, die passenden Experten &amp; Fachkr\u00e4fte f\u00fcr Ihr Unternehmen zu finden.<\/p>\t\t\t\t<\/div>\n\t\t\t\t<\/div>\n\t\t\t\t<div class=\"elementor-element elementor-element-1cbe969 elementor-widget elementor-widget-heading\" data-id=\"1cbe969\" data-element_type=\"widget\" data-e-type=\"widget\" data-widget_type=\"heading.default\">\n\t\t\t\t<div class=\"elementor-widget-container\">\n\t\t\t\t\t<p class=\"elementor-heading-title elementor-size-default\">\"Wo Werte z\u00e4hlen: Menschen stehen im Mittelpunkt.\"<\/p>\t\t\t\t<\/div>\n\t\t\t\t<\/div>\n\t\t\t\t<div class=\"elementor-element elementor-element-eed0046 elementor-align-left elementor-widget elementor-widget-button\" data-id=\"eed0046\" data-element_type=\"widget\" data-e-type=\"widget\" data-widget_type=\"button.default\">\n\t\t\t\t<div class=\"elementor-widget-container\">\n\t\t\t\t\t\t\t\t\t<div class=\"elementor-button-wrapper\">\n\t\t\t\t\t<a class=\"elementor-button elementor-button-link elementor-size-sm\" href=\"https:\/\/www.24helfendehaende.at\/kontakt\/\">\n\t\t\t\t\t\t<span class=\"elementor-button-content-wrapper\">\n\t\t\t\t\t\t\t\t\t<span class=\"elementor-button-text\">Jetzt Beratungstermin vereinbaren <\/span>\n\t\t\t\t\t<\/span>\n\t\t\t\t\t<\/a>\n\t\t\t\t<\/div>\n\t\t\t\t\t\t\t\t<\/div>\n\t\t\t\t<\/div>\n\t\t\t\t\t<\/div>\n\t\t<\/div>\n\t\t\t\t\t<\/div>\n\t\t<\/section>\n\t\t\t\t\t<\/div>\n\t\t<\/div>\n\t\t\t\t\t<\/div>\n\t\t<\/section>\n\t\t\t\t<section class=\"elementor-section elementor-top-section elementor-element elementor-element-cede1e4 elementor-section-boxed elementor-section-height-default elementor-section-height-default\" data-id=\"cede1e4\" data-element_type=\"section\" data-e-type=\"section\">\n\t\t\t\t\t\t<div class=\"elementor-container elementor-column-gap-default\">\n\t\t\t\t\t<div class=\"elementor-column elementor-col-50 elementor-top-column elementor-element elementor-element-1cf35bf\" data-id=\"1cf35bf\" data-element_type=\"column\" data-e-type=\"column\">\n\t\t\t<div class=\"elementor-widget-wrap elementor-element-populated\">\n\t\t\t\t\t\t<div class=\"elementor-element elementor-element-d7548a0 elementor-widget elementor-widget-heading\" data-id=\"d7548a0\" data-element_type=\"widget\" data-e-type=\"widget\" data-widget_type=\"heading.default\">\n\t\t\t\t<div class=\"elementor-widget-container\">\n\t\t\t\t\t<h2 class=\"elementor-heading-title elementor-size-default\">Vision<\/h2>\t\t\t\t<\/div>\n\t\t\t\t<\/div>\n\t\t\t\t<div class=\"elementor-element elementor-element-57bc3b3 elementor-widget-divider--view-line elementor-widget elementor-widget-divider\" data-id=\"57bc3b3\" data-element_type=\"widget\" data-e-type=\"widget\" data-widget_type=\"divider.default\">\n\t\t\t\t<div class=\"elementor-widget-container\">\n\t\t\t\t\t\t\t<div class=\"elementor-divider\">\n\t\t\t<span class=\"elementor-divider-separator\">\n\t\t\t\t\t\t<\/span>\n\t\t<\/div>\n\t\t\t\t\t\t<\/div>\n\t\t\t\t<\/div>\n\t\t\t\t<div class=\"elementor-element elementor-element-08e00f2 elementor-widget elementor-widget-heading\" data-id=\"08e00f2\" data-element_type=\"widget\" data-e-type=\"widget\" data-widget_type=\"heading.default\">\n\t\t\t\t<div class=\"elementor-widget-container\">\n\t\t\t\t\t<p class=\"elementor-heading-title elementor-size-default\">Bei '24 Helfende H\u00e4nde' verpflichten wir uns der Mission, das R\u00fcckgrat der \u00f6sterreichischen Wirtschaft zu st\u00e4rken \u2013 durch die gezielte Vermittlung von Fachkr\u00e4ften, die das Herz und den Antrieb der Unternehmen bilden. Unser Ziel ist es, als nationales Vorzeigeunternehmen f\u00fcr Personalvermittlung zu agieren, das mit Leidenschaft und Expertise den Wirtschaftsaufschwung \u00d6sterreichs voranbringt.\nWir nehmen uns die Zeit, die Einzigartigkeit jedes Unternehmens zu verstehen, seine Philosophie tiefgr\u00fcndig zu erfassen und genau die Mitarbeiter zu identifizieren, die diese Werte verk\u00f6rpern und vorantreiben. Indem wir den perfekten Mitarbeiter f\u00fcr jede spezifische Anforderung finden, nicht nur die Kompetenzl\u00fccke schlie\u00dfen, sondern auch den Unternehmensgeist st\u00e4rken.\n'24 Helfende H\u00e4nde' steht f\u00fcr eine Zukunft, in der jedes Unternehmen in \u00d6sterreich mit dem ideal passenden Fachpersonal ausgestattet ist, und jeder Fachkraft die M\u00f6glichkeit geboten wird, sich in ihrem jeweiligen Berufsfeld voll zu entfalten. Zusammen schaffen wir mehr als nur Arbeitspl\u00e4tze \u2013 wir schaffen Karrieren, die Wirtschaftswachstum f\u00f6rdern und \u00d6sterreichs Position als Innovationsf\u00fchrer st\u00e4rken.<\/p>\t\t\t\t<\/div>\n\t\t\t\t<\/div>\n\t\t\t\t\t<\/div>\n\t\t<\/div>\n\t\t\t\t<div class=\"elementor-column elementor-col-50 elementor-top-column elementor-element elementor-element-e59ed9e\" data-id=\"e59ed9e\" data-element_type=\"column\" data-e-type=\"column\">\n\t\t\t<div class=\"elementor-widget-wrap elementor-element-populated\">\n\t\t\t\t\t\t<div class=\"elementor-element elementor-element-11a8696 elementor-widget elementor-widget-image\" data-id=\"11a8696\" data-element_type=\"widget\" data-e-type=\"widget\" data-widget_type=\"image.default\">\n\t\t\t\t<div class=\"elementor-widget-container\">\n\t\t\t\t\t\t\t\t\t\t\t\t\t\t\t<img decoding=\"async\" width=\"772\" height=\"418\" src=\"https:\/\/www.24helfendehaende.at\/wp-content\/uploads\/2024\/02\/11.png\" class=\"attachment-large size-large wp-image-122\" alt=\"\" srcset=\"https:\/\/www.24helfendehaende.at\/wp-content\/uploads\/2024\/02\/11.png 772w, https:\/\/www.24helfendehaende.at\/wp-content\/uploads\/2024\/02\/11-300x162.png 300w, https:\/\/www.24helfendehaende.at\/wp-content\/uploads\/2024\/02\/11-768x416.png 768w\" sizes=\"(max-width: 772px) 100vw, 772px\" \/>\t\t\t\t\t\t\t\t\t\t\t\t\t\t\t<\/div>\n\t\t\t\t<\/div>\n\t\t\t\t\t<\/div>\n\t\t<\/div>\n\t\t\t\t\t<\/div>\n\t\t<\/section>\n\t\t\t\t<\/div>\n\t\t","protected":false},"excerpt":{"rendered":"<p>\u00dcber Uns Meine Mutter war in den 1970er Jahren eine der ersten philippinischen Krankenschwestern, die nach \u00d6sterreich kam. Sie erz\u00e4hlt [&hellip;]<\/p>\n","protected":false},"author":1,"featured_media":486,"parent":0,"menu_order":0,"comment_status":"closed","ping_status":"closed","template":"elementor_header_footer","meta":{"_acf_changed":false,"content-type":"","site-sidebar-layout":"no-sidebar","site-content-layout":"","ast-site-content-layout":"full-width-container","site-content-style":"default","site-sidebar-style":"default","ast-global-header-display":"","ast-banner-title-visibility":"","ast-main-header-display":"","ast-hfb-above-header-display":"","ast-hfb-below-header-display":"","ast-hfb-mobile-header-display":"","site-post-title":"disabled","ast-breadcrumbs-content":"","ast-featured-img":"disabled","footer-sml-layout":"","ast-disable-related-posts":"","theme-transparent-header-meta":"default","adv-header-id-meta":"","stick-header-meta":"","header-above-stick-meta":"","header-main-stick-meta":"","header-below-stick-meta":"","astra-migrate-meta-layouts":"set","ast-page-background-enabled":"default","ast-page-background-meta":{"desktop":{"background-color":"var(--ast-global-color-4)","background-image":"","background-repeat":"repeat","background-position":"center center","background-size":"auto","background-attachment":"scroll","background-type":"","background-media":"","overlay-type":"","overlay-color":"","overlay-opacity":"","overlay-gradient":""},"tablet":{"background-color":"","background-image":"","background-repeat":"repeat","background-position":"center center","background-size":"auto","background-attachment":"scroll","background-type":"","background-media":"","overlay-type":"","overlay-color":"","overlay-opacity":"","overlay-gradient":""},"mobile":{"background-color":"","background-image":"","background-repeat":"repeat","background-position":"center center","background-size":"auto","background-attachment":"scroll","background-type":"","background-media":"","overlay-type":"","overlay-color":"","overlay-opacity":"","overlay-gradient":""}},"ast-content-background-meta":{"desktop":{"background-color":"var(--ast-global-color-5)","background-image":"","background-repeat":"repeat","background-position":"center center","background-size":"auto","background-attachment":"scroll","background-type":"","background-media":"","overlay-type":"","overlay-color":"","overlay-opacity":"","overlay-gradient":""},"tablet":{"background-color":"var(--ast-global-color-5)","background-image":"","background-repeat":"repeat","background-position":"center center","background-size":"auto","background-attachment":"scroll","background-type":"","background-media":"","overlay-type":"","overlay-color":"","overlay-opacity":"","overlay-gradient":""},"mobile":{"background-color":"var(--ast-global-color-5)","background-image":"","background-repeat":"repeat","background-position":"center center","background-size":"auto","background-attachment":"scroll","background-type":"","background-media":"","overlay-type":"","overlay-color":"","overlay-opacity":"","overlay-gradient":""}},"footnotes":""},"class_list":["post-35","page","type-page","status-publish","has-post-thumbnail","hentry"],"acf":[],"_links":{"self":[{"href":"https:\/\/www.24helfendehaende.at\/en\/wp-json\/wp\/v2\/pages\/35","targetHints":{"allow":["GET"]}}],"collection":[{"href":"https:\/\/www.24helfendehaende.at\/en\/wp-json\/wp\/v2\/pages"}],"about":[{"href":"https:\/\/www.24helfendehaende.at\/en\/wp-json\/wp\/v2\/types\/page"}],"author":[{"embeddable":true,"href":"https:\/\/www.24helfendehaende.at\/en\/wp-json\/wp\/v2\/users\/1"}],"replies":[{"embeddable":true,"href":"https:\/\/www.24helfendehaende.at\/en\/wp-json\/wp\/v2\/comments?post=35"}],"version-history":[{"count":65,"href":"https:\/\/www.24helfendehaende.at\/en\/wp-json\/wp\/v2\/pages\/35\/revisions"}],"predecessor-version":[{"id":548,"href":"https:\/\/www.24helfendehaende.at\/en\/wp-json\/wp\/v2\/pages\/35\/revisions\/548"}],"wp:featuredmedia":[{"embeddable":true,"href":"https:\/\/www.24helfendehaende.at\/en\/wp-json\/wp\/v2\/media\/486"}],"wp:attachment":[{"href":"https:\/\/www.24helfendehaende.at\/en\/wp-json\/wp\/v2\/media?parent=35"}],"curies":[{"name":"wp","href":"https:\/\/api.w.org\/{rel}","templated":true}]}}